{"id":3,"date":"2023-08-21T17:04:44","date_gmt":"2023-08-21T15:04:44","guid":{"rendered":"https:\/\/sodanoconsulting.it\/dev\/dev\/magdalone\/?page_id=3"},"modified":"2024-08-09T19:47:15","modified_gmt":"2024-08-09T17:47:15","slug":"privacy-policy","status":"publish","type":"page","link":"https:\/\/www.magdalonemarco.it\/?page_id=3","title":{"rendered":"Privacy Policy e cookie policy"},"content":{"rendered":"\t\t<div data-elementor-type=\"wp-page\" data-elementor-id=\"3\" class=\"elementor elementor-3\">\n\t\t\t\t\t\t<section class=\"elementor-section elementor-top-section elementor-element elementor-element-665913d2 elementor-section-boxed elementor-section-height-default elementor-section-height-default\" data-id=\"665913d2\" data-element_type=\"section\">\n\t\t\t\t\t\t<div class=\"elementor-container elementor-column-gap-default\">\n\t\t\t\t\t<div class=\"elementor-column elementor-col-100 elementor-top-column elementor-element elementor-element-5e99fbac\" data-id=\"5e99fbac\" data-element_type=\"column\">\n\t\t\t<div class=\"elementor-widget-wrap elementor-element-populated\">\n\t\t\t\t\t\t<div class=\"elementor-element elementor-element-4d3339b elementor-widget elementor-widget-heading\" data-id=\"4d3339b\" data-element_type=\"widget\" data-widget_type=\"heading.default\">\n\t\t\t\t<div class=\"elementor-widget-container\">\n\t\t\t<style>\/*! elementor - v3.19.0 - 28-02-2024 *\/\n.elementor-heading-title{padding:0;margin:0;line-height:1}.elementor-widget-heading .elementor-heading-title[class*=elementor-size-]>a{color:inherit;font-size:inherit;line-height:inherit}.elementor-widget-heading .elementor-heading-title.elementor-size-small{font-size:15px}.elementor-widget-heading .elementor-heading-title.elementor-size-medium{font-size:19px}.elementor-widget-heading .elementor-heading-title.elementor-size-large{font-size:29px}.elementor-widget-heading .elementor-heading-title.elementor-size-xl{font-size:39px}.elementor-widget-heading .elementor-heading-title.elementor-size-xxl{font-size:59px}<\/style><h2 class=\"elementor-heading-title elementor-size-default\">Informativa privacy ai sensi degli artt. 13-14 del Regolamento Europeo \u201cPrivacy\u201d (GDPR)<\/h2>\t\t<\/div>\n\t\t\t\t<\/div>\n\t\t\t\t<div class=\"elementor-element elementor-element-74a8756 elementor-widget elementor-widget-spacer\" data-id=\"74a8756\" data-element_type=\"widget\" data-widget_type=\"spacer.default\">\n\t\t\t\t<div class=\"elementor-widget-container\">\n\t\t\t<style>\/*! elementor - v3.19.0 - 28-02-2024 *\/\n.elementor-column .elementor-spacer-inner{height:var(--spacer-size)}.e-con{--container-widget-width:100%}.e-con-inner>.elementor-widget-spacer,.e-con>.elementor-widget-spacer{width:var(--container-widget-width,var(--spacer-size));--align-self:var(--container-widget-align-self,initial);--flex-shrink:0}.e-con-inner>.elementor-widget-spacer>.elementor-widget-container,.e-con>.elementor-widget-spacer>.elementor-widget-container{height:100%;width:100%}.e-con-inner>.elementor-widget-spacer>.elementor-widget-container>.elementor-spacer,.e-con>.elementor-widget-spacer>.elementor-widget-container>.elementor-spacer{height:100%}.e-con-inner>.elementor-widget-spacer>.elementor-widget-container>.elementor-spacer>.elementor-spacer-inner,.e-con>.elementor-widget-spacer>.elementor-widget-container>.elementor-spacer>.elementor-spacer-inner{height:var(--container-widget-height,var(--spacer-size))}.e-con-inner>.elementor-widget-spacer.elementor-widget-empty,.e-con>.elementor-widget-spacer.elementor-widget-empty{position:relative;min-height:22px;min-width:22px}.e-con-inner>.elementor-widget-spacer.elementor-widget-empty .elementor-widget-empty-icon,.e-con>.elementor-widget-spacer.elementor-widget-empty .elementor-widget-empty-icon{position:absolute;top:0;bottom:0;left:0;right:0;margin:auto;padding:0;width:22px;height:22px}<\/style>\t\t<div class=\"elementor-spacer\">\n\t\t\t<div class=\"elementor-spacer-inner\"><\/div>\n\t\t<\/div>\n\t\t\t\t<\/div>\n\t\t\t\t<\/div>\n\t\t\t\t<div class=\"elementor-element elementor-element-3318bd0a elementor-widget elementor-widget-text-editor\" data-id=\"3318bd0a\" data-element_type=\"widget\" data-widget_type=\"text-editor.default\">\n\t\t\t\t<div class=\"elementor-widget-container\">\n\t\t\t<style>\/*! elementor - v3.19.0 - 28-02-2024 *\/\n.elementor-widget-text-editor.elementor-drop-cap-view-stacked .elementor-drop-cap{background-color:#69727d;color:#fff}.elementor-widget-text-editor.elementor-drop-cap-view-framed .elementor-drop-cap{color:#69727d;border:3px solid;background-color:transparent}.elementor-widget-text-editor:not(.elementor-drop-cap-view-default) .elementor-drop-cap{margin-top:8px}.elementor-widget-text-editor:not(.elementor-drop-cap-view-default) .elementor-drop-cap-letter{width:1em;height:1em}.elementor-widget-text-editor .elementor-drop-cap{float:left;text-align:center;line-height:1;font-size:50px}.elementor-widget-text-editor .elementor-drop-cap-letter{display:inline-block}<\/style>\t\t\t\t<!-- wp:heading -->\n<p>I dati personali da Lei inseriti, sono trattati da LOSETO ANNA \u2013 Via P. De Deo, 53 \u2013 72015 FASANO(BR) \u2013 080 4672682 in qualit\u00e0 di Titolare, per finalit\u00e0 connesse alla fornitura dei servizi da Lei richiesti (a titolo esemplificativo: richiedere informazioni, registrarsi al sito per ricevere vantaggi e offerte, ottenere preventivi, effettuare pagamenti, acquistare beni e riceverli presso un domicilio da Lei indicato, effettuare una prenotazione, scambiare documenti).<\/p>\n<p>Inoltre, i dati da Lei forniti, potrebbero essere trattati, solo su Suo esplicito consenso, al fine di inviarLe comunicazioni di natura commerciale via email o sms relativamente ai servizi offerti dal Titolare.<\/p>\n<p>Nel primo caso, la base giuridica del trattamento \u00e8 l\u2019esecuzione di un accordo; nel secondo caso \u00e8 il consenso. I trattamenti avverranno con modalit\u00e0 elettroniche e verranno messi a disposizione delle terze parti (Responsabili Esterni del trattamento) nell\u2019ambito dell\u2019Unione Europea o in Paesi extra UE, regolarmente contrattualizzate e che offrono adeguate garanzie di sicurezza, necessarie per la fornitura di servizi essenziali al soddisfacimento delle Sue esigenze. Tali Responsabili Esterni, il cui elenco \u00e8 disponibile dietro richiesta, possono appartenere a categorie di soggetti che supportano il Titolare nell\u2019erogazione dei servizi offerti tramite il presente sito (quali, a titolo esemplificativo: sviluppatori software e gestori di siti web, spedizionieri).<\/p>\n<p>Inoltre saranno trattati per finalit\u00e0 di analisi statistiche e di marketing diretto, in maniera anonima, come meglio specificato dalla cookie policy. Trattasi pertanto di trattamenti legittimi e necessari ad assicurarLe un servizio che risponda alle Sue aspettative. I dati saranno conservati per tutta la durata dei servizi da Lei richiesti o per periodi superiori solo se previsti dalle norme. In ogni momento Lei potr\u00e0 esercitare i diritti previsti agli articoli 15-22 del GDPR contattando il titolare del presente sito.<\/p>\n<p>Per modificare o cancellare i soli dati che sono archiviati sui sistemi che erogano il presente sito, cliccare qui. Le informazioni da lei inserite nel form (compreso il suo indirizzo email) potranno essere comunicate a una societ\u00e0 terza che agir\u00e0 in qualit\u00e0 di Responsabile esterno e che supporta il Titolare nella gestione del sito e nell\u2019evasione della sua richiesta.<\/p>\n<p>Nel caso di richiesta di cancellazione dei suoi dati, La informiamo che potrebbe non essere pi\u00f9 possibile continuare a fornirLe il servizio richiestoci.<\/p>\n<p>La informiamo, infine, che potr\u00e0 proporre reclamo all\u2019Autorit\u00e0 Garante per la Protezione dei Dati, qualora ritenesse siano stati violati i suoi diritti.<\/p>\n<p>Ai sensi degli artt. 15-22 del GDPR, l\u2019utente ha il diritto di richiedere, scrivendo all\u2019indirizzo del titolare del presente sito, l\u2019accesso ai suoi dati personali, la rettifica o la cancellazione degli stessi o anche semplicemente la limitazione del loro trattamento (anonimizzazione) o proporre reclamo all\u2019Autorit\u00e0 Garante per la Protezione dei Dati, qualora ritenesse siano stati violati i suoi diritti.<\/p>\n<!-- \/wp:paragraph -->\t\t\t\t\t\t<\/div>\n\t\t\t\t<\/div>\n\t\t\t\t\t<\/div>\n\t\t<\/div>\n\t\t\t\t\t<\/div>\n\t\t<\/section>\n\t\t\t\t<\/div>\n\t\t","protected":false},"excerpt":{"rendered":"<p>Informativa privacy ai sensi degli artt. 13-14 del Regolamento Europeo \u201cPrivacy\u201d (GDPR) I dati personali da Lei inseriti, sono trattati da LOSETO ANNA \u2013 Via P. De Deo, 53 \u2013 72015 FASANO(BR) \u2013 080 4672682 in qualit\u00e0 di Titolare, per finalit\u00e0 connesse alla fornitura dei servizi da Lei richiesti (a titolo esemplificativo: richiedere informazioni, registrarsi&#8230;<\/p>\n","protected":false},"author":1,"featured_media":0,"parent":0,"menu_order":0,"comment_status":"closed","ping_status":"closed","template":"","meta":{"footnotes":""},"class_list":["post-3","page","type-page","status-publish","hentry"],"yoast_head":"<!-- This site is optimized with the Yoast SEO plugin v23.6 - https:\/\/yoast.com\/wordpress\/plugins\/seo\/ -->\n<title>Privacy Policy e cookie policy - Magdalone<\/title>\n<meta name=\"robots\" content=\"index, follow, max-snippet:-1, max-image-preview:large, max-video-preview:-1\" \/>\n<link rel=\"canonical\" href=\"https:\/\/www.magdalonemarco.it\/?page_id=3\" \/>\n<meta property=\"og:locale\" content=\"it_IT\" \/>\n<meta property=\"og:type\" content=\"article\" \/>\n<meta property=\"og:title\" content=\"Privacy Policy e cookie policy - Magdalone\" \/>\n<meta property=\"og:description\" content=\"Informativa privacy ai sensi degli artt. 13-14 del Regolamento Europeo \u201cPrivacy\u201d (GDPR) I dati personali da Lei inseriti, sono trattati da LOSETO ANNA \u2013 Via P. De Deo, 53 \u2013 72015 FASANO(BR) \u2013 080 4672682 in qualit\u00e0 di Titolare, per finalit\u00e0 connesse alla fornitura dei servizi da Lei richiesti (a titolo esemplificativo: richiedere informazioni, registrarsi...\" \/>\n<meta property=\"og:url\" content=\"https:\/\/www.magdalonemarco.it\/?page_id=3\" \/>\n<meta property=\"og:site_name\" content=\"Magdalone\" \/>\n<meta property=\"article:modified_time\" content=\"2024-08-09T17:47:15+00:00\" \/>\n<meta name=\"twitter:card\" content=\"summary_large_image\" \/>\n<meta name=\"twitter:label1\" content=\"Tempo di lettura stimato\" \/>\n\t<meta name=\"twitter:data1\" content=\"2 minuti\" \/>\n<script type=\"application\/ld+json\" class=\"yoast-schema-graph\">{\"@context\":\"https:\/\/schema.org\",\"@graph\":[{\"@type\":\"WebPage\",\"@id\":\"https:\/\/www.magdalonemarco.it\/?page_id=3\",\"url\":\"https:\/\/www.magdalonemarco.it\/?page_id=3\",\"name\":\"Privacy Policy e cookie policy - Magdalone\",\"isPartOf\":{\"@id\":\"https:\/\/www.magdalonemarco.it\/#website\"},\"datePublished\":\"2023-08-21T15:04:44+00:00\",\"dateModified\":\"2024-08-09T17:47:15+00:00\",\"breadcrumb\":{\"@id\":\"https:\/\/www.magdalonemarco.it\/?page_id=3#breadcrumb\"},\"inLanguage\":\"it-IT\",\"potentialAction\":[{\"@type\":\"ReadAction\",\"target\":[\"https:\/\/www.magdalonemarco.it\/?page_id=3\"]}]},{\"@type\":\"BreadcrumbList\",\"@id\":\"https:\/\/www.magdalonemarco.it\/?page_id=3#breadcrumb\",\"itemListElement\":[{\"@type\":\"ListItem\",\"position\":1,\"name\":\"Home\",\"item\":\"https:\/\/www.magdalonemarco.it\/\"},{\"@type\":\"ListItem\",\"position\":2,\"name\":\"Privacy Policy e cookie policy\"}]},{\"@type\":\"WebSite\",\"@id\":\"https:\/\/www.magdalonemarco.it\/#website\",\"url\":\"https:\/\/www.magdalonemarco.it\/\",\"name\":\"Magdalone.it\",\"description\":\"\",\"publisher\":{\"@id\":\"https:\/\/www.magdalonemarco.it\/#organization\"},\"potentialAction\":[{\"@type\":\"SearchAction\",\"target\":{\"@type\":\"EntryPoint\",\"urlTemplate\":\"https:\/\/www.magdalonemarco.it\/?s={search_term_string}\"},\"query-input\":{\"@type\":\"PropertyValueSpecification\",\"valueRequired\":true,\"valueName\":\"search_term_string\"}}],\"inLanguage\":\"it-IT\"},{\"@type\":\"Organization\",\"@id\":\"https:\/\/www.magdalonemarco.it\/#organization\",\"name\":\"Magdalone Dental Design\",\"url\":\"https:\/\/www.magdalonemarco.it\/\",\"logo\":{\"@type\":\"ImageObject\",\"inLanguage\":\"it-IT\",\"@id\":\"https:\/\/www.magdalonemarco.it\/#\/schema\/logo\/image\/\",\"url\":\"https:\/\/www.magdalonemarco.it\/wp-content\/uploads\/2024\/08\/cropped-logo-nero-e1701186575633-1.png\",\"contentUrl\":\"https:\/\/www.magdalonemarco.it\/wp-content\/uploads\/2024\/08\/cropped-logo-nero-e1701186575633-1.png\",\"width\":250,\"height\":85,\"caption\":\"Magdalone Dental Design\"},\"image\":{\"@id\":\"https:\/\/www.magdalonemarco.it\/#\/schema\/logo\/image\/\"}}]}<\/script>\n<!-- \/ Yoast SEO plugin. -->","yoast_head_json":{"title":"Privacy Policy e cookie policy - Magdalone","robots":{"index":"index","follow":"follow","max-snippet":"max-snippet:-1","max-image-preview":"max-image-preview:large","max-video-preview":"max-video-preview:-1"},"canonical":"https:\/\/www.magdalonemarco.it\/?page_id=3","og_locale":"it_IT","og_type":"article","og_title":"Privacy Policy e cookie policy - Magdalone","og_description":"Informativa privacy ai sensi degli artt. 13-14 del Regolamento Europeo \u201cPrivacy\u201d (GDPR) I dati personali da Lei inseriti, sono trattati da LOSETO ANNA \u2013 Via P. De Deo, 53 \u2013 72015 FASANO(BR) \u2013 080 4672682 in qualit\u00e0 di Titolare, per finalit\u00e0 connesse alla fornitura dei servizi da Lei richiesti (a titolo esemplificativo: richiedere informazioni, registrarsi...","og_url":"https:\/\/www.magdalonemarco.it\/?page_id=3","og_site_name":"Magdalone","article_modified_time":"2024-08-09T17:47:15+00:00","twitter_card":"summary_large_image","twitter_misc":{"Tempo di lettura stimato":"2 minuti"},"schema":{"@context":"https:\/\/schema.org","@graph":[{"@type":"WebPage","@id":"https:\/\/www.magdalonemarco.it\/?page_id=3","url":"https:\/\/www.magdalonemarco.it\/?page_id=3","name":"Privacy Policy e cookie policy - Magdalone","isPartOf":{"@id":"https:\/\/www.magdalonemarco.it\/#website"},"datePublished":"2023-08-21T15:04:44+00:00","dateModified":"2024-08-09T17:47:15+00:00","breadcrumb":{"@id":"https:\/\/www.magdalonemarco.it\/?page_id=3#breadcrumb"},"inLanguage":"it-IT","potentialAction":[{"@type":"ReadAction","target":["https:\/\/www.magdalonemarco.it\/?page_id=3"]}]},{"@type":"BreadcrumbList","@id":"https:\/\/www.magdalonemarco.it\/?page_id=3#breadcrumb","itemListElement":[{"@type":"ListItem","position":1,"name":"Home","item":"https:\/\/www.magdalonemarco.it\/"},{"@type":"ListItem","position":2,"name":"Privacy Policy e cookie policy"}]},{"@type":"WebSite","@id":"https:\/\/www.magdalonemarco.it\/#website","url":"https:\/\/www.magdalonemarco.it\/","name":"Magdalone.it","description":"","publisher":{"@id":"https:\/\/www.magdalonemarco.it\/#organization"},"potentialAction":[{"@type":"SearchAction","target":{"@type":"EntryPoint","urlTemplate":"https:\/\/www.magdalonemarco.it\/?s={search_term_string}"},"query-input":{"@type":"PropertyValueSpecification","valueRequired":true,"valueName":"search_term_string"}}],"inLanguage":"it-IT"},{"@type":"Organization","@id":"https:\/\/www.magdalonemarco.it\/#organization","name":"Magdalone Dental Design","url":"https:\/\/www.magdalonemarco.it\/","logo":{"@type":"ImageObject","inLanguage":"it-IT","@id":"https:\/\/www.magdalonemarco.it\/#\/schema\/logo\/image\/","url":"https:\/\/www.magdalonemarco.it\/wp-content\/uploads\/2024\/08\/cropped-logo-nero-e1701186575633-1.png","contentUrl":"https:\/\/www.magdalonemarco.it\/wp-content\/uploads\/2024\/08\/cropped-logo-nero-e1701186575633-1.png","width":250,"height":85,"caption":"Magdalone Dental Design"},"image":{"@id":"https:\/\/www.magdalonemarco.it\/#\/schema\/logo\/image\/"}}]}},"_links":{"self":[{"href":"https:\/\/www.magdalonemarco.it\/index.php?rest_route=\/wp\/v2\/pages\/3","targetHints":{"allow":["GET"]}}],"collection":[{"href":"https:\/\/www.magdalonemarco.it\/index.php?rest_route=\/wp\/v2\/pages"}],"about":[{"href":"https:\/\/www.magdalonemarco.it\/index.php?rest_route=\/wp\/v2\/types\/page"}],"author":[{"embeddable":true,"href":"https:\/\/www.magdalonemarco.it\/index.php?rest_route=\/wp\/v2\/users\/1"}],"replies":[{"embeddable":true,"href":"https:\/\/www.magdalonemarco.it\/index.php?rest_route=%2Fwp%2Fv2%2Fcomments&post=3"}],"version-history":[{"count":10,"href":"https:\/\/www.magdalonemarco.it\/index.php?rest_route=\/wp\/v2\/pages\/3\/revisions"}],"predecessor-version":[{"id":5904,"href":"https:\/\/www.magdalonemarco.it\/index.php?rest_route=\/wp\/v2\/pages\/3\/revisions\/5904"}],"wp:attachment":[{"href":"https:\/\/www.magdalonemarco.it\/index.php?rest_route=%2Fwp%2Fv2%2Fmedia&parent=3"}],"curies":[{"name":"wp","href":"https:\/\/api.w.org\/{rel}","templated":true}]}}